{"id":806,"date":"2018-08-04T16:05:26","date_gmt":"2018-08-04T16:05:26","guid":{"rendered":"http:\/\/bk-ninja.com\/rubik\/?page_id=806"},"modified":"2025-01-02T23:25:39","modified_gmt":"2025-01-02T23:25:39","slug":"contact-le-media-feministe-africain","status":"publish","type":"page","link":"https:\/\/lemediafeministeafricain.com\/en\/contact-le-media-feministe-africain\/","title":{"rendered":"Contact Us"},"content":{"rendered":"<div id=\"attachment_95754\" style=\"width: 310px\" class=\"wp-caption alignnone\"><a href=\"https:\/\/lemediafeministeafricain.com\/en\/\"><img loading=\"lazy\" decoding=\"async\" aria-describedby=\"caption-attachment-95754\" class=\"wp-image-95754 size-medium\" src=\"http:\/\/lemediafeministeafricain.com\/wp-content\/uploads\/2025\/01\/LMF-removebg-preview2-300x110.png\" alt=\"Le Media F\u00e9ministe Africain\" width=\"300\" height=\"110\" srcset=\"https:\/\/lemediafeministeafricain.com\/wp-content\/uploads\/2025\/01\/LMF-removebg-preview2-300x110.png 300w, https:\/\/lemediafeministeafricain.com\/wp-content\/uploads\/2025\/01\/LMF-removebg-preview2-18x7.png 18w, https:\/\/lemediafeministeafricain.com\/wp-content\/uploads\/2025\/01\/LMF-removebg-preview2.png 375w\" sizes=\"auto, (max-width: 300px) 100vw, 300px\" \/><\/a><p id=\"caption-attachment-95754\" class=\"wp-caption-text\">Le Media F\u00e9ministe Africain<\/p><\/div>\n<h3>ABOUT US<\/h3>\n<p><strong>Fond\u00e9 en d\u00e9cembre 2023, Le Media F\u00e9ministe Africain<\/strong> est un m\u00e9dia engag\u00e9 qui \u0153uvre pour les droits des femmes et des filles africaines. Chaque jour, nous partageons des informations politiques, \u00e9conomiques, sociales et culturelles afin d\u2019informer nos lecteurs sur les enjeux f\u00e9minins et f\u00e9ministes \u00e0 travers le continent. Nous couvrons un large \u00e9ventail de sujets allant de l&#8217;\u00e9galit\u00e9 des genres aux droits reproductifs, en passant par les questions de leadership f\u00e9minin, l&#8217;autonomisation \u00e9conomique des femmes, et les d\u00e9fis sociaux auxquels elles font face.<\/p>\n<p>Notre mission est de contribuer \u00e0 un monde o\u00f9 les femmes africaines peuvent s\u2019\u00e9panouir sans discrimination ni violence. Nous croyons fermement que l\u2019information est un outil puissant pour provoquer des changements sociaux durables. En tant que plateforme f\u00e9ministe, nous donnons la parole \u00e0 celles qui ont \u00e9t\u00e9 historiquement marginalis\u00e9es, en partageant des r\u00e9cits authentiques et inspirants. Gr\u00e2ce \u00e0 notre engagement envers l&#8217;excellence journalistique, nous nous effor\u00e7ons de rendre visibles les actions et les voix des femmes qui transforment leurs communaut\u00e9s.<\/p>\n<p><strong>Le Media F\u00e9ministe Africain<\/strong> est plus qu\u2019un simple m\u00e9dia ; c\u2019est un mouvement qui encourage l\u2019engagement collectif pour un avenir plus \u00e9quitable. Nous croyons en la solidarit\u00e9 et \u00e0 l\u2019importance de l\u2019action commune. Nous sommes ouverts aux partenariats, aux collaborations et aux discussions constructives. Si vous souhaitez discuter d\u2019un projet, poser une question ou proposer une id\u00e9e, nous serons ravis de vous r\u00e9pondre.<\/p>\n<p>Nous sommes \u00e9galement int\u00e9ress\u00e9s par les retours de nos lecteurs, qu&#8217;ils soient critiques ou encourageants, car ils nous aident \u00e0 am\u00e9liorer notre travail et \u00e0 mieux servir la communaut\u00e9.<\/p>\n<h3><strong>Nos Coordonn\u00e9es<\/strong><\/h3>\n<p><strong>Adresse e-mail<\/strong> :<\/p>\n<ul>\n<li><a href=\"mailto:contact@lemediafeministeafricain.com\" rel=\"noopener\">contact@lemediafeministeafricain.com<\/a><\/li>\n<li><a href=\"mailto:info@lemediafeministeafricain.com\" rel=\"noopener\">info@lemediafeministeafricain.com<\/a><\/li>\n<\/ul>\n<p><strong>T\u00e9l\u00e9phone<\/strong> :<br \/>\n+221 123 456 789<\/p>\n<p><strong>Adresse physique<\/strong> :<br \/>\nDakar, S\u00e9n\u00e9gal<\/p>\n<p><strong>We\u2019d love to hear from you<\/strong><\/p>\n\n<div class=\"wpcf7 no-js\" id=\"wpcf7-f291-o1\" lang=\"en-US\" dir=\"ltr\" data-wpcf7-id=\"291\">\n<div class=\"screen-reader-response\"><p role=\"status\" aria-live=\"polite\" aria-atomic=\"true\"><\/p> <ul><\/ul><\/div>\n<form action=\"\/en\/wp-json\/wp\/v2\/pages\/806#wpcf7-f291-o1\" method=\"post\" class=\"wpcf7-form init\" aria-label=\"Contact form\" novalidate=\"novalidate\" data-status=\"init\" data-trp-original-action=\"\/en\/wp-json\/wp\/v2\/pages\/806#wpcf7-f291-o1\">\n<fieldset class=\"hidden-fields-container\"><input type=\"hidden\" name=\"_wpcf7\" value=\"291\" \/><input type=\"hidden\" name=\"_wpcf7_version\" value=\"6.1.5\" \/><input type=\"hidden\" name=\"_wpcf7_locale\" value=\"en_US\" \/><input type=\"hidden\" name=\"_wpcf7_unit_tag\" value=\"wpcf7-f291-o1\" \/><input type=\"hidden\" name=\"_wpcf7_container_post\" value=\"0\" \/><input type=\"hidden\" name=\"_wpcf7_posted_data_hash\" value=\"\" \/><input type=\"hidden\" name=\"_wpcf7_recaptcha_response\" value=\"\" \/>\n<\/fieldset>\n<p><label> Your Name (required)<br \/>\n<span class=\"wpcf7-form-control-wrap\" data-name=\"your-name\"><input size=\"40\" maxlength=\"400\" class=\"wpcf7-form-control wpcf7-text wpcf7-validates-as-required\" aria-required=\"true\" aria-invalid=\"false\" value=\"\" type=\"text\" name=\"your-name\" \/><\/span> <\/label>\n<\/p>\n<p><label> Your Email (required)<br \/>\n<span class=\"wpcf7-form-control-wrap\" data-name=\"your-email\"><input size=\"40\" maxlength=\"400\" class=\"wpcf7-form-control wpcf7-email wpcf7-validates-as-required wpcf7-text wpcf7-validates-as-email\" aria-required=\"true\" aria-invalid=\"false\" value=\"\" type=\"email\" name=\"your-email\" \/><\/span> <\/label>\n<\/p>\n<p><label> Subject<br \/>\n<span class=\"wpcf7-form-control-wrap\" data-name=\"your-subject\"><input size=\"40\" maxlength=\"400\" class=\"wpcf7-form-control wpcf7-text\" aria-invalid=\"false\" value=\"\" type=\"text\" name=\"your-subject\" \/><\/span> <\/label>\n<\/p>\n<p><label> Your Message<br \/>\n<span class=\"wpcf7-form-control-wrap\" data-name=\"your-message\"><textarea cols=\"40\" rows=\"10\" maxlength=\"2000\" class=\"wpcf7-form-control wpcf7-textarea\" aria-invalid=\"false\" name=\"your-message\"><\/textarea><\/span> <\/label>\n<\/p>\n<p><input class=\"wpcf7-form-control wpcf7-submit has-spinner\" type=\"submit\" value=\"Send\" \/>\n<\/p><div class=\"wpcf7-response-output\" aria-hidden=\"true\"><\/div>\n<input type=\"hidden\" name=\"trp-form-language\" value=\"en\"\/><\/form>\n<\/div>\n\n<h3><strong>Rejoignez-nous sur les r\u00e9seaux sociaux<\/strong><\/h3>\n<p>Restez inform\u00e9 des derni\u00e8res nouvelles et campagnes en nous suivant sur nos diff\u00e9rentes plateformes sociales. Ensemble, nous pouvons amplifier la voix des femmes africaines :<\/p>\n<p>Suivez-nous pour rester inform\u00e9 des derni\u00e8res nouvelles et initiatives :<\/p>\n<ul>\n<li><strong>Facebook<\/strong> : <a href=\"https:\/\/facebook.com\/lemediafeministeafricain\" target=\"_new\" rel=\"noopener\">Le Media F\u00e9ministe Africain<\/a><\/li>\n<li><strong>Twitter<\/strong> : <a href=\"https:\/\/twitter.com\/lemediafeministe\" target=\"_new\" rel=\"noopener\">@lemediafeministe<\/a><\/li>\n<\/ul>\n<h3><strong>Liens utiles<\/strong><\/h3>\n<p>D\u00e9couvrez d&#8217;autres ressources li\u00e9es au f\u00e9minisme et \u00e0 l\u2019\u00e9galit\u00e9 des genres :<\/p>\n<ul>\n<li><a href=\"https:\/\/www.unwomen.org\" target=\"_new\" rel=\"noopener\">UN Women<\/a><\/li>\n<li><a href=\"https:\/\/awdf.org\" target=\"_new\" rel=\"noopener\">African Women&#8217;s Development Fund<\/a><\/li>\n<\/ul>\n<p><strong>Le Media F\u00e9ministe Africain<\/strong> s&#8217;engage \u00e0 \u00eatre une voix forte et constante pour les droits des femmes en Afrique. Nous vous invitons \u00e0 faire partie de ce mouvement, \u00e0 vous informer et \u00e0 participer activement aux conversations qui fa\u00e7onnent l\u2019avenir des femmes africaines.<\/p>\n<div id=\"gtx-trans\" style=\"position: absolute; left: -6px; top: 1217.8px;\">\n<div class=\"gtx-trans-icon\"><\/div>\n<\/div>","protected":false},"excerpt":{"rendered":"<p>ABOUT US Fond\u00e9 en d\u00e9cembre 2023, Le Media F\u00e9ministe Africain est un m\u00e9dia engag\u00e9 qui \u0153uvre pour les droits des femmes et des filles africaines. Chaque jour, nous partageons des informations politiques, \u00e9conomiques, sociales et culturelles afin d\u2019informer nos lecteurs sur les enjeux f\u00e9minins et f\u00e9ministes \u00e0 travers le continent. Nous couvrons un large \u00e9ventail de sujets allant de l&#8217;\u00e9galit\u00e9 des genres aux droits reproductifs, en passant par les questions de leadership f\u00e9minin, l&#8217;autonomisation \u00e9conomique des femmes, et les d\u00e9fis sociaux auxquels elles font face. Notre mission est de contribuer \u00e0 un monde o\u00f9 les femmes africaines peuvent s\u2019\u00e9panouir sans [&hellip;]<\/p>\n","protected":false},"author":1,"featured_media":0,"parent":0,"menu_order":0,"comment_status":"closed","ping_status":"closed","template":"","meta":{"footnotes":""},"class_list":["post-806","page","type-page","status-publish","hentry"],"yoast_head":"<!-- This site is optimized with the Yoast SEO plugin v27.4 - https:\/\/yoast.com\/product\/yoast-seo-wordpress\/ -->\n<title>Contact Us - Le M&eacute;dia F&eacute;ministe Africain \u2013 Empowering African Women<\/title>\n<meta name=\"description\" content=\"Contact Le Media F\u00e9ministe Africain to connect with a platform empowering African women. Reach us by email, phone, or social media today\" \/>\n<meta name=\"robots\" content=\"index, follow, max-snippet:-1, max-image-preview:large, max-video-preview:-1\" \/>\n<link rel=\"canonical\" href=\"http:\/\/lemediafeministeafricain.com\/en\/contact-le-media-feministe-africain\/\" \/>\n<meta property=\"og:locale\" content=\"en_US\" \/>\n<meta property=\"og:type\" content=\"article\" \/>\n<meta property=\"og:title\" content=\"Contact Us - Le M&eacute;dia F&eacute;ministe Africain \u2013 Empowering African Women\" \/>\n<meta property=\"og:description\" content=\"Contact Le Media F\u00e9ministe Africain to connect with a platform empowering African women. Reach us by email, phone, or social media today\" \/>\n<meta property=\"og:url\" content=\"http:\/\/lemediafeministeafricain.com\/en\/contact-le-media-feministe-africain\/\" \/>\n<meta property=\"og:site_name\" content=\"Le M&eacute;dia F&eacute;ministe Africain\" \/>\n<meta property=\"article:publisher\" content=\"https:\/\/www.facebook.com\/profile.php?id=61557243280950\" \/>\n<meta property=\"article:modified_time\" content=\"2025-01-02T23:25:39+00:00\" \/>\n<meta property=\"og:image\" content=\"http:\/\/lemediafeministeafricain.com\/wp-content\/uploads\/2025\/01\/LMF-removebg-preview2-300x110.png\" \/>\n<meta name=\"twitter:card\" content=\"summary_large_image\" \/>\n<meta name=\"twitter:site\" content=\"@mediafeministe\" \/>\n<meta name=\"twitter:label1\" content=\"Est. reading time\" \/>\n\t<meta name=\"twitter:data1\" content=\"2 minutes\" \/>\n<script type=\"application\/ld+json\" class=\"yoast-schema-graph\">{\"@context\":\"https:\\\/\\\/schema.org\",\"@graph\":[{\"@type\":\"WebPage\",\"@id\":\"http:\\\/\\\/lemediafeministeafricain.com\\\/contact-le-media-feministe-africain\\\/\",\"url\":\"http:\\\/\\\/lemediafeministeafricain.com\\\/contact-le-media-feministe-africain\\\/\",\"name\":\"Contact Us - Le M&eacute;dia F&eacute;ministe Africain \u2013 Empowering African Women\",\"isPartOf\":{\"@id\":\"https:\\\/\\\/lemediafeministeafricain.com\\\/#website\"},\"primaryImageOfPage\":{\"@id\":\"http:\\\/\\\/lemediafeministeafricain.com\\\/contact-le-media-feministe-africain\\\/#primaryimage\"},\"image\":{\"@id\":\"http:\\\/\\\/lemediafeministeafricain.com\\\/contact-le-media-feministe-africain\\\/#primaryimage\"},\"thumbnailUrl\":\"http:\\\/\\\/lemediafeministeafricain.com\\\/wp-content\\\/uploads\\\/2025\\\/01\\\/LMF-removebg-preview2-300x110.png\",\"datePublished\":\"2018-08-04T16:05:26+00:00\",\"dateModified\":\"2025-01-02T23:25:39+00:00\",\"description\":\"Contact Le Media F\u00e9ministe Africain to connect with a platform empowering African women. Reach us by email, phone, or social media today\",\"breadcrumb\":{\"@id\":\"http:\\\/\\\/lemediafeministeafricain.com\\\/contact-le-media-feministe-africain\\\/#breadcrumb\"},\"inLanguage\":\"en-US\",\"potentialAction\":[{\"@type\":\"ReadAction\",\"target\":[\"http:\\\/\\\/lemediafeministeafricain.com\\\/contact-le-media-feministe-africain\\\/\"]}]},{\"@type\":\"ImageObject\",\"inLanguage\":\"en-US\",\"@id\":\"http:\\\/\\\/lemediafeministeafricain.com\\\/contact-le-media-feministe-africain\\\/#primaryimage\",\"url\":\"http:\\\/\\\/lemediafeministeafricain.com\\\/wp-content\\\/uploads\\\/2025\\\/01\\\/LMF-removebg-preview2-300x110.png\",\"contentUrl\":\"http:\\\/\\\/lemediafeministeafricain.com\\\/wp-content\\\/uploads\\\/2025\\\/01\\\/LMF-removebg-preview2-300x110.png\"},{\"@type\":\"BreadcrumbList\",\"@id\":\"http:\\\/\\\/lemediafeministeafricain.com\\\/contact-le-media-feministe-africain\\\/#breadcrumb\",\"itemListElement\":[{\"@type\":\"ListItem\",\"position\":1,\"name\":\"Home\",\"item\":\"https:\\\/\\\/lemediafeministeafricain.com\\\/\"},{\"@type\":\"ListItem\",\"position\":2,\"name\":\"Contact Us\"}]},{\"@type\":\"WebSite\",\"@id\":\"https:\\\/\\\/lemediafeministeafricain.com\\\/#website\",\"url\":\"https:\\\/\\\/lemediafeministeafricain.com\\\/\",\"name\":\"Le M\u00e9dia F\u00e9ministe Africain\",\"description\":\"Le M&eacute;dia F&eacute;ministe Africain\",\"publisher\":{\"@id\":\"https:\\\/\\\/lemediafeministeafricain.com\\\/#organization\"},\"alternateName\":\"M\u00e9dia F\u00e9ministe Africain\",\"potentialAction\":[{\"@type\":\"SearchAction\",\"target\":{\"@type\":\"EntryPoint\",\"urlTemplate\":\"https:\\\/\\\/lemediafeministeafricain.com\\\/?s={search_term_string}\"},\"query-input\":{\"@type\":\"PropertyValueSpecification\",\"valueRequired\":true,\"valueName\":\"search_term_string\"}}],\"inLanguage\":\"en-US\"},{\"@type\":\"Organization\",\"@id\":\"https:\\\/\\\/lemediafeministeafricain.com\\\/#organization\",\"name\":\"Le M\u00e9dia F\u00e9ministe Africain\",\"alternateName\":\"M\u00e9dia F\u00e9ministe Africain\",\"url\":\"https:\\\/\\\/lemediafeministeafricain.com\\\/\",\"logo\":{\"@type\":\"ImageObject\",\"inLanguage\":\"en-US\",\"@id\":\"https:\\\/\\\/lemediafeministeafricain.com\\\/#\\\/schema\\\/logo\\\/image\\\/\",\"url\":\"http:\\\/\\\/lemediafeministeafricain.com\\\/wp-content\\\/uploads\\\/2024\\\/05\\\/LMF.webp\",\"contentUrl\":\"http:\\\/\\\/lemediafeministeafricain.com\\\/wp-content\\\/uploads\\\/2024\\\/05\\\/LMF.webp\",\"width\":1880,\"height\":1576,\"caption\":\"Le M\u00e9dia F\u00e9ministe Africain\"},\"image\":{\"@id\":\"https:\\\/\\\/lemediafeministeafricain.com\\\/#\\\/schema\\\/logo\\\/image\\\/\"},\"sameAs\":[\"https:\\\/\\\/www.facebook.com\\\/profile.php?id=61557243280950\",\"https:\\\/\\\/x.com\\\/mediafeministe\"]}]}<\/script>\n<!-- \/ Yoast SEO plugin. -->","yoast_head_json":{"title":"Contact Us - Le M&eacute;dia F&eacute;ministe Africain \u2013 Empowering African Women","description":"Contact Le Media F\u00e9ministe Africain to connect with a platform empowering African women. Reach us by email, phone, or social media today","robots":{"index":"index","follow":"follow","max-snippet":"max-snippet:-1","max-image-preview":"max-image-preview:large","max-video-preview":"max-video-preview:-1"},"canonical":"http:\/\/lemediafeministeafricain.com\/en\/contact-le-media-feministe-africain\/","og_locale":"en_US","og_type":"article","og_title":"Contact Us - Le M&eacute;dia F&eacute;ministe Africain \u2013 Empowering African Women","og_description":"Contact Le Media F\u00e9ministe Africain to connect with a platform empowering African women. Reach us by email, phone, or social media today","og_url":"http:\/\/lemediafeministeafricain.com\/en\/contact-le-media-feministe-africain\/","og_site_name":"Le M&eacute;dia F&eacute;ministe Africain","article_publisher":"https:\/\/www.facebook.com\/profile.php?id=61557243280950","article_modified_time":"2025-01-02T23:25:39+00:00","og_image":[{"url":"http:\/\/lemediafeministeafricain.com\/wp-content\/uploads\/2025\/01\/LMF-removebg-preview2-300x110.png","type":"","width":"","height":""}],"twitter_card":"summary_large_image","twitter_site":"@mediafeministe","twitter_misc":{"Est. reading time":"2 minutes"},"schema":{"@context":"https:\/\/schema.org","@graph":[{"@type":"WebPage","@id":"http:\/\/lemediafeministeafricain.com\/contact-le-media-feministe-africain\/","url":"http:\/\/lemediafeministeafricain.com\/contact-le-media-feministe-africain\/","name":"Contact Us - Le M&eacute;dia F&eacute;ministe Africain \u2013 Empowering African Women","isPartOf":{"@id":"https:\/\/lemediafeministeafricain.com\/#website"},"primaryImageOfPage":{"@id":"http:\/\/lemediafeministeafricain.com\/contact-le-media-feministe-africain\/#primaryimage"},"image":{"@id":"http:\/\/lemediafeministeafricain.com\/contact-le-media-feministe-africain\/#primaryimage"},"thumbnailUrl":"http:\/\/lemediafeministeafricain.com\/wp-content\/uploads\/2025\/01\/LMF-removebg-preview2-300x110.png","datePublished":"2018-08-04T16:05:26+00:00","dateModified":"2025-01-02T23:25:39+00:00","description":"Contact Le Media F\u00e9ministe Africain to connect with a platform empowering African women. Reach us by email, phone, or social media today","breadcrumb":{"@id":"http:\/\/lemediafeministeafricain.com\/contact-le-media-feministe-africain\/#breadcrumb"},"inLanguage":"en-US","potentialAction":[{"@type":"ReadAction","target":["http:\/\/lemediafeministeafricain.com\/contact-le-media-feministe-africain\/"]}]},{"@type":"ImageObject","inLanguage":"en-US","@id":"http:\/\/lemediafeministeafricain.com\/contact-le-media-feministe-africain\/#primaryimage","url":"http:\/\/lemediafeministeafricain.com\/wp-content\/uploads\/2025\/01\/LMF-removebg-preview2-300x110.png","contentUrl":"http:\/\/lemediafeministeafricain.com\/wp-content\/uploads\/2025\/01\/LMF-removebg-preview2-300x110.png"},{"@type":"BreadcrumbList","@id":"http:\/\/lemediafeministeafricain.com\/contact-le-media-feministe-africain\/#breadcrumb","itemListElement":[{"@type":"ListItem","position":1,"name":"Home","item":"https:\/\/lemediafeministeafricain.com\/"},{"@type":"ListItem","position":2,"name":"Contact Us"}]},{"@type":"WebSite","@id":"https:\/\/lemediafeministeafricain.com\/#website","url":"https:\/\/lemediafeministeafricain.com\/","name":"The African Feminist Media","description":"Le M&eacute;dia F&eacute;ministe Africain","publisher":{"@id":"https:\/\/lemediafeministeafricain.com\/#organization"},"alternateName":"M\u00e9dia F\u00e9ministe Africain","potentialAction":[{"@type":"SearchAction","target":{"@type":"EntryPoint","urlTemplate":"https:\/\/lemediafeministeafricain.com\/?s={search_term_string}"},"query-input":{"@type":"PropertyValueSpecification","valueRequired":true,"valueName":"search_term_string"}}],"inLanguage":"en-US"},{"@type":"Organization","@id":"https:\/\/lemediafeministeafricain.com\/#organization","name":"The African Feminist Media","alternateName":"M\u00e9dia F\u00e9ministe Africain","url":"https:\/\/lemediafeministeafricain.com\/","logo":{"@type":"ImageObject","inLanguage":"en-US","@id":"https:\/\/lemediafeministeafricain.com\/#\/schema\/logo\/image\/","url":"http:\/\/lemediafeministeafricain.com\/wp-content\/uploads\/2024\/05\/LMF.webp","contentUrl":"http:\/\/lemediafeministeafricain.com\/wp-content\/uploads\/2024\/05\/LMF.webp","width":1880,"height":1576,"caption":"Le M\u00e9dia F\u00e9ministe Africain"},"image":{"@id":"https:\/\/lemediafeministeafricain.com\/#\/schema\/logo\/image\/"},"sameAs":["https:\/\/www.facebook.com\/profile.php?id=61557243280950","https:\/\/x.com\/mediafeministe"]}]}},"_links":{"self":[{"href":"https:\/\/lemediafeministeafricain.com\/en\/wp-json\/wp\/v2\/pages\/806","targetHints":{"allow":["GET"]}}],"collection":[{"href":"https:\/\/lemediafeministeafricain.com\/en\/wp-json\/wp\/v2\/pages"}],"about":[{"href":"https:\/\/lemediafeministeafricain.com\/en\/wp-json\/wp\/v2\/types\/page"}],"author":[{"embeddable":true,"href":"https:\/\/lemediafeministeafricain.com\/en\/wp-json\/wp\/v2\/users\/1"}],"replies":[{"embeddable":true,"href":"https:\/\/lemediafeministeafricain.com\/en\/wp-json\/wp\/v2\/comments?post=806"}],"version-history":[{"count":2,"href":"https:\/\/lemediafeministeafricain.com\/en\/wp-json\/wp\/v2\/pages\/806\/revisions"}],"predecessor-version":[{"id":95853,"href":"https:\/\/lemediafeministeafricain.com\/en\/wp-json\/wp\/v2\/pages\/806\/revisions\/95853"}],"wp:attachment":[{"href":"https:\/\/lemediafeministeafricain.com\/en\/wp-json\/wp\/v2\/media?parent=806"}],"curies":[{"name":"wp","href":"https:\/\/api.w.org\/{rel}","templated":true}]}}